{"id":763,"date":"2026-04-02T01:11:44","date_gmt":"2026-04-01T23:11:44","guid":{"rendered":"https:\/\/eduardogodinez.uproyecto.com\/?page_id=763"},"modified":"2026-04-08T20:22:54","modified_gmt":"2026-04-08T18:22:54","slug":"slides-pack","status":"publish","type":"page","link":"https:\/\/eduardogodinez.uproyecto.com\/?page_id=763","title":{"rendered":"SLIDES pack"},"content":{"rendered":"<p>[et_pb_section fb_built=\u00bb1&#8243; _builder_version=\u00bb4.27.6&#8243; _module_preset=\u00bbdefault\u00bb background_color=\u00bb#161616&#8243; background_image=\u00bbhttps:\/\/eduardogodinez.uproyecto.com\/wp-content\/uploads\/2026\/03\/los-minipros.png\u00bb global_colors_info=\u00bb{}\u00bb][et_pb_row column_structure=\u00bb1_2,1_2&#8243; _builder_version=\u00bb4.27.6&#8243; _module_preset=\u00bbdefault\u00bb global_colors_info=\u00bb{}\u00bb][et_pb_column type=\u00bb1_2&#8243; _builder_version=\u00bb4.27.6&#8243; _module_preset=\u00bbdefault\u00bb global_colors_info=\u00bb{}\u00bb][et_pb_image src=\u00bbhttps:\/\/eduardogodinez.uproyecto.com\/wp-content\/uploads\/2026\/04\/gif1f.gif\u00bb title_text=\u00bbgif1f\u00bb _builder_version=\u00bb4.27.6&#8243; _module_preset=\u00bbdefault\u00bb global_colors_info=\u00bb{}\u00bb][\/et_pb_image][\/et_pb_column][et_pb_column type=\u00bb1_2&#8243; _builder_version=\u00bb4.27.6&#8243; _module_preset=\u00bbdefault\u00bb global_colors_info=\u00bb{}\u00bb][et_pb_text _builder_version=\u00bb4.27.6&#8243; _module_preset=\u00bbdefault\u00bb inline_fonts=\u00bbAcme\u00bb global_colors_info=\u00bb{}\u00bb]<\/p>\n<p><span style=\"color: #ffffff;\"><strong><span style=\"font-size: xx-large; font-family: Acme;\">PACK Motion Packs<\/span><\/strong><\/span><\/p>\n<p>[\/et_pb_text][et_pb_text _builder_version=\u00bb4.27.6&#8243; _module_preset=\u00bbdefault\u00bb hover_enabled=\u00bb0&#8243; inline_fonts=\u00bbAcme\u00bb global_colors_info=\u00bb{}\u00bb sticky_enabled=\u00bb0&#8243;]<\/p>\n<h2><span style=\"color: #ffffff;\"><strong><span style=\"font-family: Acme;\">$30.00<\/span><\/strong><\/span><\/h2>\n<p>[\/et_pb_text][et_pb_wc_add_to_cart product=\u00bb894&#8243; _builder_version=\u00bb4.27.6&#8243; _module_preset=\u00bbdefault\u00bb global_colors_info=\u00bb{}\u00bb][\/et_pb_wc_add_to_cart][et_pb_text _builder_version=\u00bb4.27.6&#8243; _module_preset=\u00bbdefault\u00bb width=\u00bb100%\u00bb inline_fonts=\u00bbAcme\u00bb global_colors_info=\u00bb{}\u00bb]<\/p>\n<p style=\"text-align: left;\"><span style=\"font-family: Acme; color: #ffffff;\">Dentro de este paquete se incluyen 30 presets para el uso amplio y gratuito del p\u00fablico. Este producto es una demostraci\u00f3n de lo que vendr\u00e1 en el paquete oficial Miniprohstore<\/span><\/p>\n<p style=\"text-align: left;\"><span style=\"font-family: Acme; color: #ffffff;\">El tama\u00f1o predeterminado que se recomienda es de 1920x1080p, sin embargo puede ser m\u00e1s grande con ajustar alguno de los keyframes o el punto de anclaje. Estos recursos te ayudar\u00e1n a acortar el tiempo de edici\u00f3n en tus proyectos de animaci\u00f3n, con un estilo m\u00e1s caricaturesco y con m\u00e1s formas de mover un personaje te ayudar\u00e1 a terminar tus proyectos con tiempo libre de m\u00e1s.<\/span><\/p>\n<p>[\/et_pb_text][et_pb_text _builder_version=\u00bb4.27.6&#8243; _module_preset=\u00bbdefault\u00bb width=\u00bb100%\u00bb inline_fonts=\u00bbAcme\u00bb global_colors_info=\u00bb{}\u00bb]<\/p>\n<p><span style=\"font-family: Acme; font-weight: normal; color: #ffffff;\">Dentro del paquete se incluye:<\/span><\/p>\n<p><span style=\"font-family: Acme; font-weight: normal; color: #ffffff;\">Slides Normales (10+)<\/span><br \/><span style=\"font-family: Acme; font-weight: normal; color: #ffffff;\">Slides Animados (8+)<\/span><br \/><span style=\"font-family: Acme; font-weight: normal; color: #ffffff;\">Zooms &amp; Capa de Ajuste (12)<\/span><br \/><span style=\"font-family: Acme; font-weight: normal; color: #ffffff;\">Extra (5)<\/span><\/p>\n<p>[\/et_pb_text][\/et_pb_column][\/et_pb_row][\/et_pb_section]<\/p>\n","protected":false},"excerpt":{"rendered":"<p>PACK Motion Packs$30.00Dentro de este paquete se incluyen 30 presets para el uso amplio y gratuito del p\u00fablico. Este producto es una demostraci\u00f3n de lo que vendr\u00e1 en el paquete oficial Miniprohstore El tama\u00f1o predeterminado que se recomienda es de 1920x1080p, sin embargo puede ser m\u00e1s grande con ajustar alguno de los keyframes o el [&hellip;]<\/p>\n","protected":false},"author":1,"featured_media":0,"parent":0,"menu_order":0,"comment_status":"closed","ping_status":"closed","template":"","meta":{"_et_pb_use_builder":"on","_et_pb_old_content":"","_et_gb_content_width":"","footnotes":""},"class_list":["post-763","page","type-page","status-publish","hentry"],"jetpack_sharing_enabled":true,"_links":{"self":[{"href":"https:\/\/eduardogodinez.uproyecto.com\/index.php?rest_route=\/wp\/v2\/pages\/763","targetHints":{"allow":["GET"]}}],"collection":[{"href":"https:\/\/eduardogodinez.uproyecto.com\/index.php?rest_route=\/wp\/v2\/pages"}],"about":[{"href":"https:\/\/eduardogodinez.uproyecto.com\/index.php?rest_route=\/wp\/v2\/types\/page"}],"author":[{"embeddable":true,"href":"https:\/\/eduardogodinez.uproyecto.com\/index.php?rest_route=\/wp\/v2\/users\/1"}],"replies":[{"embeddable":true,"href":"https:\/\/eduardogodinez.uproyecto.com\/index.php?rest_route=%2Fwp%2Fv2%2Fcomments&post=763"}],"version-history":[{"count":15,"href":"https:\/\/eduardogodinez.uproyecto.com\/index.php?rest_route=\/wp\/v2\/pages\/763\/revisions"}],"predecessor-version":[{"id":1382,"href":"https:\/\/eduardogodinez.uproyecto.com\/index.php?rest_route=\/wp\/v2\/pages\/763\/revisions\/1382"}],"wp:attachment":[{"href":"https:\/\/eduardogodinez.uproyecto.com\/index.php?rest_route=%2Fwp%2Fv2%2Fmedia&parent=763"}],"curies":[{"name":"wp","href":"https:\/\/api.w.org\/{rel}","templated":true}]}}