{"id":248,"date":"2026-03-25T11:21:51","date_gmt":"2026-03-25T10:21:51","guid":{"rendered":"https:\/\/eduardogodinez.uproyecto.com\/?page_id=248"},"modified":"2026-04-08T21:51:47","modified_gmt":"2026-04-08T19:51:47","slug":"gratis","status":"publish","type":"page","link":"https:\/\/eduardogodinez.uproyecto.com\/?page_id=248","title":{"rendered":"Gratis"},"content":{"rendered":"<p>[et_pb_section fb_built=\u00bb1&#8243; _builder_version=\u00bb4.27.6&#8243; _module_preset=\u00bbdefault\u00bb background_image=\u00bbhttps:\/\/eduardogodinez.uproyecto.com\/wp-content\/uploads\/2026\/04\/eyou-parala.png\u00bb background_size=\u00bbcontain\u00bb background_position=\u00bbtop_center\u00bb custom_margin=\u00bb||-497px|||\u00bb custom_padding=\u00bb||1111px|||\u00bb background_last_edited=\u00bbon|desktop\u00bb background_image_tablet=\u00bbhttps:\/\/eduardogodinez.uproyecto.com\/wp-content\/uploads\/2026\/04\/fondo-3.1.png\u00bb background_image_phone=\u00bbhttps:\/\/eduardogodinez.uproyecto.com\/wp-content\/uploads\/2026\/04\/fondo-3.2.png\u00bb background_enable_image_tablet=\u00bbon\u00bb background_enable_image_phone=\u00bbon\u00bb parallax_tablet=\u00bbon\u00bb parallax_phone=\u00bbon\u00bb global_colors_info=\u00bb{}\u00bb background__hover_enabled=\u00bboff|desktop\u00bb][et_pb_row _builder_version=\u00bb4.27.6&#8243; _module_preset=\u00bbdefault\u00bb global_colors_info=\u00bb{}\u00bb][et_pb_column type=\u00bb4_4&#8243; _builder_version=\u00bb4.27.6&#8243; _module_preset=\u00bbdefault\u00bb global_colors_info=\u00bb{}\u00bb][et_pb_text _builder_version=\u00bb4.27.6&#8243; _module_preset=\u00bbdefault\u00bb background_last_edited=\u00bbon|desktop\u00bb global_colors_info=\u00bb{}\u00bb][\/et_pb_text][\/et_pb_column][\/et_pb_row][\/et_pb_section][et_pb_section fb_built=\u00bb1&#8243; _builder_version=\u00bb4.27.6&#8243; _module_preset=\u00bbdefault\u00bb background_color=\u00bb#161616&#8243; background_image=\u00bbhttps:\/\/eduardogodinez.uproyecto.com\/wp-content\/uploads\/2026\/04\/banners-copia-1.png\u00bb min_height=\u00bb601.1px\u00bb custom_margin=\u00bb||107px|||\u00bb custom_padding=\u00bb||214px|||\u00bb global_colors_info=\u00bb{}\u00bb][et_pb_row _builder_version=\u00bb4.27.6&#8243; _module_preset=\u00bbdefault\u00bb global_colors_info=\u00bb{}\u00bb][et_pb_column type=\u00bb4_4&#8243; _builder_version=\u00bb4.27.6&#8243; _module_preset=\u00bbdefault\u00bb global_colors_info=\u00bb{}\u00bb][et_pb_text _builder_version=\u00bb4.27.6&#8243; _module_preset=\u00bbdefault\u00bb text_font=\u00bbAcme|700|||||||\u00bb text_text_color=\u00bb#ffffff\u00bb text_font_size=\u00bb48px\u00bb hover_enabled=\u00bb0&#8243; global_colors_info=\u00bb{}\u00bb header_font_last_edited=\u00bbon|phone\u00bb header_font_size=\u00bb13px\u00bb sticky_enabled=\u00bb0&#8243;]<\/p>\n<p style=\"text-align: center;\"><span style=\"font-size: xx-large;\">Paquetes Gratis &amp; BETAs<\/span><\/p>\n<p>[\/et_pb_text][\/et_pb_column][\/et_pb_row][et_pb_row column_structure=\u00bb1_4,1_4,1_4,1_4&#8243; _builder_version=\u00bb4.27.6&#8243; _module_preset=\u00bbdefault\u00bb custom_margin=\u00bb|auto|-91px|auto||\u00bb custom_padding=\u00bb||158px|||\u00bb global_colors_info=\u00bb{}\u00bb][et_pb_column type=\u00bb1_4&#8243; _builder_version=\u00bb4.27.6&#8243; _module_preset=\u00bbdefault\u00bb global_colors_info=\u00bb{}\u00bb][et_pb_image src=\u00bbhttps:\/\/eduardogodinez.uproyecto.com\/wp-content\/uploads\/2026\/04\/caja-3-fin-1.gif\u00bb title_text=\u00bbcaja 3 fin (1)\u00bb url=\u00bbhttps:\/\/eduardogodinez.uproyecto.com\/?product=auto-draft-copia-copia-copia\u00bb _builder_version=\u00bb4.27.6&#8243; _module_preset=\u00bbdefault\u00bb global_colors_info=\u00bb{}\u00bb][\/et_pb_image][et_pb_text _builder_version=\u00bb4.27.6&#8243; _module_preset=\u00bbdefault\u00bb global_colors_info=\u00bb{}\u00bb]<\/p>\n<p style=\"text-align: center;\"><strong><span style=\"color: #ffffff;\">Humildad | Miniproh<\/span><br \/><span style=\"color: #ffbf00;\">Gratis<\/span><\/strong><\/p>\n<p style=\"text-align: center;\"><span style=\"color: #ffffff;\">Un pack de presets pensado para ediciones limpias, sutiles y elegantes. Ideal si quieres mejorar tus videos sin que se vean sobrecargados.<\/span><\/p>\n<p>[\/et_pb_text][\/et_pb_column][et_pb_column type=\u00bb1_4&#8243; _builder_version=\u00bb4.27.6&#8243; _module_preset=\u00bbdefault\u00bb global_colors_info=\u00bb{}\u00bb][et_pb_image src=\u00bbhttps:\/\/eduardogodinez.uproyecto.com\/wp-content\/uploads\/2026\/04\/gratis2.gif\u00bb title_text=\u00bbgratis2&#8243; url=\u00bbhttps:\/\/eduardogodinez.uproyecto.com\/?product=auto-draft-copia-copia-copia-copia\u00bb _builder_version=\u00bb4.27.6&#8243; _module_preset=\u00bbdefault\u00bb global_colors_info=\u00bb{}\u00bb][\/et_pb_image][et_pb_text _builder_version=\u00bb4.27.6&#8243; _module_preset=\u00bbdefault\u00bb global_colors_info=\u00bb{}\u00bb]<\/p>\n<p style=\"text-align: center;\"><strong><span style=\"color: #ffffff;\">Pobreza | Miniproh<\/span><br \/><span style=\"color: #ffbf00;\">Gratis<\/span><\/strong><br \/><span style=\"color: #ffffff;\">Este pack est\u00e1 dise\u00f1ado para quienes buscan resultados r\u00e1pidos sin complicarse. Incluye presets b\u00e1sicos pero efectivos que mejoran la imagen con un solo clic.<\/span><\/p>\n<p>[\/et_pb_text][\/et_pb_column][et_pb_column type=\u00bb1_4&#8243; _builder_version=\u00bb4.27.6&#8243; _module_preset=\u00bbdefault\u00bb global_colors_info=\u00bb{}\u00bb][et_pb_image src=\u00bbhttps:\/\/eduardogodinez.uproyecto.com\/wp-content\/uploads\/2026\/04\/prubea-11.gif\u00bb title_text=\u00bbprubea 11&#8243; url=\u00bbhttps:\/\/eduardogodinez.uproyecto.com\/?product=auto-draft-copia-copia-copia-copia-copia\u00bb _builder_version=\u00bb4.27.6&#8243; _module_preset=\u00bbdefault\u00bb global_colors_info=\u00bb{}\u00bb][\/et_pb_image][et_pb_text _builder_version=\u00bb4.27.6&#8243; _module_preset=\u00bbdefault\u00bb global_colors_info=\u00bb{}\u00bb]<\/p>\n<p style=\"text-align: center;\"><strong><span style=\"color: #ffffff;\">Prueba | Miniproh<\/span><br \/><span style=\"color: #ffbf00;\">Gratis<\/span><\/strong><br \/><span style=\"color: #ffffff;\">Un pack experimental con presets m\u00e1s llamativos y creativos. Aqu\u00ed puedes probar estilos diferentes, colores m\u00e1s intensos y efectos \u00fanicos.<\/span><\/p>\n<p>[\/et_pb_text][\/et_pb_column][et_pb_column type=\u00bb1_4&#8243; _builder_version=\u00bb4.27.6&#8243; _module_preset=\u00bbdefault\u00bb global_colors_info=\u00bb{}\u00bb][et_pb_image src=\u00bbhttps:\/\/eduardogodinez.uproyecto.com\/wp-content\/uploads\/2026\/04\/gif4.gif\u00bb title_text=\u00bbgif4&#8243; _builder_version=\u00bb4.27.6&#8243; _module_preset=\u00bbdefault\u00bb global_colors_info=\u00bb{}\u00bb][\/et_pb_image][et_pb_text _builder_version=\u00bb4.27.6&#8243; _module_preset=\u00bbdefault\u00bb global_colors_info=\u00bb{}\u00bb]<\/p>\n<p style=\"text-align: center;\"><span style=\"color: #ffffff;\">Pr\u00f3ximamente&#8230;<\/span><\/p>\n<p>[\/et_pb_text][\/et_pb_column][\/et_pb_row][\/et_pb_section]<\/p>\n","protected":false},"excerpt":{"rendered":"<p>Paquetes Gratis &amp; BETAsHumildad | MiniprohGratis Un pack de presets pensado para ediciones limpias, sutiles y elegantes. Ideal si quieres mejorar tus videos sin que se vean sobrecargados.Pobreza | MiniprohGratisEste pack est\u00e1 dise\u00f1ado para quienes buscan resultados r\u00e1pidos sin complicarse. Incluye presets b\u00e1sicos pero efectivos que mejoran la imagen con un solo clic.Prueba | MiniprohGratisUn [&hellip;]<\/p>\n","protected":false},"author":1,"featured_media":0,"parent":0,"menu_order":0,"comment_status":"closed","ping_status":"closed","template":"","meta":{"_et_pb_use_builder":"on","_et_pb_old_content":"","_et_gb_content_width":"","footnotes":""},"class_list":["post-248","page","type-page","status-publish","hentry"],"jetpack_sharing_enabled":true,"_links":{"self":[{"href":"https:\/\/eduardogodinez.uproyecto.com\/index.php?rest_route=\/wp\/v2\/pages\/248","targetHints":{"allow":["GET"]}}],"collection":[{"href":"https:\/\/eduardogodinez.uproyecto.com\/index.php?rest_route=\/wp\/v2\/pages"}],"about":[{"href":"https:\/\/eduardogodinez.uproyecto.com\/index.php?rest_route=\/wp\/v2\/types\/page"}],"author":[{"embeddable":true,"href":"https:\/\/eduardogodinez.uproyecto.com\/index.php?rest_route=\/wp\/v2\/users\/1"}],"replies":[{"embeddable":true,"href":"https:\/\/eduardogodinez.uproyecto.com\/index.php?rest_route=%2Fwp%2Fv2%2Fcomments&post=248"}],"version-history":[{"count":37,"href":"https:\/\/eduardogodinez.uproyecto.com\/index.php?rest_route=\/wp\/v2\/pages\/248\/revisions"}],"predecessor-version":[{"id":1401,"href":"https:\/\/eduardogodinez.uproyecto.com\/index.php?rest_route=\/wp\/v2\/pages\/248\/revisions\/1401"}],"wp:attachment":[{"href":"https:\/\/eduardogodinez.uproyecto.com\/index.php?rest_route=%2Fwp%2Fv2%2Fmedia&parent=248"}],"curies":[{"name":"wp","href":"https:\/\/api.w.org\/{rel}","templated":true}]}}