{"id":102,"date":"2026-03-25T07:37:36","date_gmt":"2026-03-25T06:37:36","guid":{"rendered":"https:\/\/eduardogodinez.uproyecto.com\/?page_id=102"},"modified":"2026-04-08T21:53:28","modified_gmt":"2026-04-08T19:53:28","slug":"sobre-mi","status":"publish","type":"page","link":"https:\/\/eduardogodinez.uproyecto.com\/?page_id=102","title":{"rendered":"Sobre Mi"},"content":{"rendered":"<p>[et_pb_section fb_built=\u00bb1&#8243; _builder_version=\u00bb4.27.6&#8243; _module_preset=\u00bbdefault\u00bb background_color=\u00bbRGBA(255,255,255,0)\u00bb background_image=\u00bbhttps:\/\/eduardogodinez.uproyecto.com\/wp-content\/uploads\/2026\/04\/fondo-finalm-inipo.png\u00bb custom_padding=\u00bb0px|||||\u00bb top_divider_style=\u00bbcurve\u00bb top_divider_color=\u00bb#161616&#8243; global_colors_info=\u00bb{}\u00bb][et_pb_row column_structure=\u00bb1_2,1_2&#8243; _builder_version=\u00bb4.27.6&#8243; _module_preset=\u00bbdefault\u00bb custom_padding=\u00bb||53px|||\u00bb global_colors_info=\u00bb{}\u00bb][et_pb_column type=\u00bb1_2&#8243; _builder_version=\u00bb4.27.6&#8243; _module_preset=\u00bbdefault\u00bb global_colors_info=\u00bb{}\u00bb][et_pb_image src=\u00bbhttps:\/\/eduardogodinez.uproyecto.com\/wp-content\/uploads\/2026\/03\/MiniproVino.png\u00bb title_text=\u00bbMiniproVino\u00bb src_tablet=\u00bbhttps:\/\/eduardogodinez.uproyecto.com\/wp-content\/uploads\/2026\/03\/MiniproVino.png\u00bb src_phone=\u00bbhttps:\/\/eduardogodinez.uproyecto.com\/wp-content\/uploads\/2026\/03\/MiniproVino.png\u00bb src_last_edited=\u00bbon|phone\u00bb _builder_version=\u00bb4.27.6&#8243; _module_preset=\u00bbdefault\u00bb transform_scale=\u00bb143.4%|143.4%\u00bb transform_scale_tablet=\u00bb107.2%|107.2%\u00bb transform_scale_phone=\u00bb107.2%|107.2%\u00bb transform_scale_last_edited=\u00bbon|phone\u00bb transform_translate_tablet=\u00bb\u00bb transform_translate_phone=\u00bb\u00bb transform_translate_last_edited=\u00bbon|tablet\u00bb transform_rotate_tablet=\u00bb\u00bb transform_rotate_phone=\u00bb\u00bb transform_rotate_last_edited=\u00bbon|tablet\u00bb transform_skew_tablet=\u00bb\u00bb transform_skew_phone=\u00bb\u00bb transform_skew_last_edited=\u00bbon|tablet\u00bb transform_origin_tablet=\u00bb\u00bb transform_origin_phone=\u00bb\u00bb transform_origin_last_edited=\u00bbon|tablet\u00bb transform_styles_last_edited=\u00bbon|phone\u00bb custom_margin=\u00bb||0px||false|false\u00bb custom_padding=\u00bb|0px||0px|false|false\u00bb transform_styles_tablet=\u00bb\u00bb transform_styles_phone=\u00bb\u00bb global_colors_info=\u00bb{}\u00bb][\/et_pb_image][\/et_pb_column][et_pb_column type=\u00bb1_2&#8243; _builder_version=\u00bb4.27.6&#8243; _module_preset=\u00bbdefault\u00bb transform_scale_tablet=\u00bb\u00bb transform_scale_phone=\u00bb\u00bb transform_scale_last_edited=\u00bbon|desktop\u00bb transform_translate=\u00bb0px|240px\u00bb transform_translate_tablet=\u00bb0px|20px\u00bb transform_translate_phone=\u00bb0px|20px\u00bb transform_translate_last_edited=\u00bbon|phone\u00bb transform_translate_linked=\u00bboff\u00bb transform_rotate_tablet=\u00bb\u00bb transform_rotate_phone=\u00bb\u00bb transform_rotate_last_edited=\u00bbon|desktop\u00bb transform_skew_tablet=\u00bb\u00bb transform_skew_phone=\u00bb\u00bb transform_skew_last_edited=\u00bbon|desktop\u00bb transform_origin_tablet=\u00bb\u00bb transform_origin_phone=\u00bb\u00bb transform_origin_last_edited=\u00bbon|desktop\u00bb transform_styles_last_edited=\u00bbon|phone\u00bb transform_styles_tablet=\u00bb\u00bb transform_styles_phone=\u00bb\u00bb global_colors_info=\u00bb{}\u00bb][et_pb_text _builder_version=\u00bb4.27.6&#8243; _module_preset=\u00bbdefault\u00bb background_color=\u00bbrgba(96,96,96,0.26)\u00bb animation_style=\u00bbfade\u00bb inline_fonts=\u00bbAcme\u00bb global_colors_info=\u00bb{}\u00bb]<\/p>\n<p><span style=\"font-size: xx-large; font-family: Acme; color: #0a0a0a;\"><strong>\u00bfYo? \u00bfel Miniproh?<\/strong><\/span><\/p>\n<p>[\/et_pb_text][et_pb_text _builder_version=\u00bb4.27.6&#8243; _module_preset=\u00bbdefault\u00bb background_color=\u00bbrgba(96,96,96,0.26)\u00bb animation_style=\u00bbfade\u00bb global_colors_info=\u00bb{}\u00bb inline_fonts=\u00bbAcme\u00bb]<\/p>\n<p><span style=\"color: #0a0a0a; font-family: Acme;\"><span style=\"font-size: large;\">A pues me dicen el MiniProh, pero me llamo David, hago videos, pero tambi\u00e9n los edito, voy a dejarte un poco sobre mi existencia en este apartado entonces eso, chismeate mi vida entera xd.<\/span><\/span><\/p>\n<p>[\/et_pb_text][et_pb_button button_url=\u00bbhttps:\/\/eduardogodinez.uproyecto.com\/?page_id=691&#8243; button_text=\u00bbVer Portafolio\u00bb _builder_version=\u00bb4.27.6&#8243; _module_preset=\u00bbdefault\u00bb custom_button=\u00bbon\u00bb button_text_size=\u00bb22px\u00bb button_text_color=\u00bb#ffffff\u00bb button_bg_color=\u00bb#162100&#8243; button_border_radius=\u00bb40px\u00bb button_letter_spacing=\u00bb1px\u00bb button_font=\u00bbAcme||||||||\u00bb button_icon=\u00bb&#xe05b;||divi||400&#8243; global_colors_info=\u00bb{}\u00bb][\/et_pb_button][\/et_pb_column][\/et_pb_row][\/et_pb_section][et_pb_section fb_built=\u00bb1&#8243; prev_background_color=\u00bbRGBA(255,255,255,0)\u00bb next_background_color=\u00bb#161616&#8243; _builder_version=\u00bb4.27.6&#8243; _module_preset=\u00bbdefault\u00bb background_color=\u00bb#161616&#8243; background_image=\u00bbhttps:\/\/eduardogodinez.uproyecto.com\/wp-content\/uploads\/2026\/03\/los-minipros.png\u00bb parallax=\u00bbon\u00bb min_height=\u00bb468px\u00bb custom_margin=\u00bb||-246px|||\u00bb custom_padding=\u00bb3px||4px|||\u00bb top_divider_style=\u00bbramp2&#8243; top_divider_height=\u00bb0px\u00bb bottom_divider_style=\u00bbasymmetric4&#8243; bottom_divider_height=\u00bb211px\u00bb animation_style=\u00bbfade\u00bb animation_duration=\u00bb1250ms\u00bb background_last_edited=\u00bbon|desktop\u00bb background_image_width_tablet=\u00bb3%\u00bb global_colors_info=\u00bb{}\u00bb][et_pb_row _builder_version=\u00bb4.27.6&#8243; _module_preset=\u00bbdefault\u00bb background_color=\u00bb#232323&#8243; custom_margin=\u00bb77px|auto||auto||\u00bb custom_padding=\u00bb1px||23px|||\u00bb global_colors_info=\u00bb{}\u00bb][et_pb_column type=\u00bb4_4&#8243; _builder_version=\u00bb4.27.6&#8243; _module_preset=\u00bbdefault\u00bb global_colors_info=\u00bb{}\u00bb][et_pb_text _builder_version=\u00bb4.27.6&#8243; _module_preset=\u00bbdefault\u00bb text_font=\u00bbAcme||||||||\u00bb text_font_size=\u00bb32px\u00bb text_line_height=\u00bb1.8em\u00bb transform_scale_tablet=\u00bb\u00bb transform_scale_phone=\u00bb\u00bb transform_scale_last_edited=\u00bbon|tablet\u00bb transform_translate=\u00bb0px|-10px\u00bb transform_translate_tablet=\u00bb0px|-17px\u00bb transform_translate_phone=\u00bb0px|-24px\u00bb transform_translate_last_edited=\u00bbon|tablet\u00bb transform_translate_linked=\u00bboff\u00bb transform_translate_linked_tablet=\u00bboff\u00bb transform_rotate_tablet=\u00bb\u00bb transform_rotate_phone=\u00bb\u00bb transform_rotate_last_edited=\u00bbon|tablet\u00bb transform_skew_tablet=\u00bb\u00bb transform_skew_phone=\u00bb\u00bb transform_skew_last_edited=\u00bbon|tablet\u00bb transform_origin_tablet=\u00bb\u00bb transform_origin_phone=\u00bb\u00bb transform_origin_last_edited=\u00bbon|tablet\u00bb transform_styles_last_edited=\u00bbon|tablet\u00bb min_height=\u00bb14.6px\u00bb custom_margin=\u00bb-18px|||||\u00bb custom_padding=\u00bb73px|||||\u00bb text_font_size_tablet=\u00bb32px\u00bb text_font_size_phone=\u00bb34px\u00bb text_font_size_last_edited=\u00bbon|desktop\u00bb text_line_height_tablet=\u00bb1.8em\u00bb text_line_height_phone=\u00bb1em\u00bb text_line_height_last_edited=\u00bbon|phone\u00bb transform_styles_tablet=\u00bb\u00bb transform_styles_phone=\u00bb\u00bb inline_fonts=\u00bbAcme,Abel\u00bb global_colors_info=\u00bb{}\u00bb]<\/p>\n<p style=\"text-align: center;\"><span style=\"color: #ffffff; font-family: Acme; font-weight: normal;\">MI EXPERIENCIA COMO EDITOR<\/span><\/p>\n<p>[\/et_pb_text][et_pb_text _builder_version=\u00bb4.27.6&#8243; _module_preset=\u00bbdefault\u00bb custom_margin=\u00bb-56px|||||\u00bb custom_padding=\u00bb15px||13px|||\u00bb global_colors_info=\u00bb{}\u00bb inline_fonts=\u00bbAcme\u00bb]<\/p>\n<p style=\"text-align: center;\"><span style=\"font-size: large; color: #ffffff; font-family: Acme;\">Nunca me ha gustado \u00abpresumir\u00bb mi trabajo, pero mi mam\u00e1 dice que tengo qu\u00e9 hacerlo, comenc\u00e9 a editar videos cuando tenia 14-15 a\u00f1os con el sue\u00f1o en mente de querer ser un GRAN YOUTUBER, por cosas de la vida no se pudo, pero gracias a mis ganas de cada vez aprender hacer las cosas que hac\u00edan los youtubers que me gustaban comenc\u00e9 a meterme de lleno al mundo del editor, hoy puedo decir que he tenido la gran suerte de poder trabajarle a muchos youtubers (algunos de los que admiraba cuando era un ni\u00f1o)<\/span><\/p>\n<p>[\/et_pb_text][\/et_pb_column][\/et_pb_row][\/et_pb_section][et_pb_section fb_built=\u00bb1&#8243; _builder_version=\u00bb4.27.6&#8243; _module_preset=\u00bbdefault\u00bb background_color=\u00bb#161616&#8243; background_image=\u00bbhttps:\/\/eduardogodinez.uproyecto.com\/wp-content\/uploads\/2026\/04\/grunge-texture-for-background-dark-white-background-with-unique-texture-abstract-grainy-background-old-painted-wall-png.webp\u00bb min_height=\u00bb672.4px\u00bb custom_margin=\u00bb237px|||||\u00bb custom_padding=\u00bb0px||0px|||\u00bb animation_style=\u00bbfade\u00bb animation_duration=\u00bb1400ms\u00bb global_colors_info=\u00bb{}\u00bb][et_pb_row _builder_version=\u00bb4.27.6&#8243; _module_preset=\u00bbdefault\u00bb background_color=\u00bb#232323&#8243; custom_margin=\u00bb37px|auto||auto||\u00bb custom_padding=\u00bb1px||23px|||\u00bb animation_style=\u00bbbounce\u00bb global_colors_info=\u00bb{}\u00bb][et_pb_column type=\u00bb4_4&#8243; _builder_version=\u00bb4.27.6&#8243; _module_preset=\u00bbdefault\u00bb global_colors_info=\u00bb{}\u00bb][et_pb_text _builder_version=\u00bb4.27.6&#8243; _module_preset=\u00bbdefault\u00bb text_font=\u00bbAcme||||||||\u00bb text_font_size=\u00bb32px\u00bb text_line_height=\u00bb1.8em\u00bb transform_scale_tablet=\u00bb\u00bb transform_scale_phone=\u00bb\u00bb transform_scale_last_edited=\u00bbon|tablet\u00bb transform_translate=\u00bb0px|-10px\u00bb transform_translate_tablet=\u00bb0px|-17px\u00bb transform_translate_phone=\u00bb0px|-24px\u00bb transform_translate_last_edited=\u00bbon|tablet\u00bb transform_translate_linked=\u00bboff\u00bb transform_translate_linked_tablet=\u00bboff\u00bb transform_rotate_tablet=\u00bb\u00bb transform_rotate_phone=\u00bb\u00bb transform_rotate_last_edited=\u00bbon|tablet\u00bb transform_skew_tablet=\u00bb\u00bb transform_skew_phone=\u00bb\u00bb transform_skew_last_edited=\u00bbon|tablet\u00bb transform_origin_tablet=\u00bb\u00bb transform_origin_phone=\u00bb\u00bb transform_origin_last_edited=\u00bbon|tablet\u00bb transform_styles_last_edited=\u00bbon|tablet\u00bb min_height=\u00bb14.6px\u00bb custom_margin=\u00bb-18px|||||\u00bb custom_padding=\u00bb73px|||||\u00bb text_font_size_tablet=\u00bb32px\u00bb text_font_size_phone=\u00bb34px\u00bb text_font_size_last_edited=\u00bbon|desktop\u00bb text_line_height_tablet=\u00bb1.8em\u00bb text_line_height_phone=\u00bb1em\u00bb text_line_height_last_edited=\u00bbon|phone\u00bb transform_styles_tablet=\u00bb\u00bb transform_styles_phone=\u00bb\u00bb inline_fonts=\u00bbAcme,Abel\u00bb global_colors_info=\u00bb{}\u00bb]<\/p>\n<p style=\"text-align: center;\"><span style=\"color: #ffffff; font-family: Acme; font-weight: normal;\">MATERIAL Y HABILIDADES<\/span><\/p>\n<p>[\/et_pb_text][\/et_pb_column][\/et_pb_row][et_pb_row column_structure=\u00bb1_2,1_2&#8243; _builder_version=\u00bb4.27.6&#8243; _module_preset=\u00bbdefault\u00bb custom_padding=\u00bb21px|||||\u00bb animation_style=\u00bbfade\u00bb global_colors_info=\u00bb{}\u00bb][et_pb_column type=\u00bb1_2&#8243; _builder_version=\u00bb4.27.6&#8243; _module_preset=\u00bbdefault\u00bb global_colors_info=\u00bb{}\u00bb][ba_skill_bar bar_spacing_bottom=\u00bb39px\u00bb _builder_version=\u00bb4.27.6&#8243; _module_preset=\u00bbdefault\u00bb name_font=\u00bb|700|||||||\u00bb custom_margin=\u00bb||-28px|||\u00bb custom_padding=\u00bb50px|||||\u00bb locked=\u00bboff\u00bb global_colors_info=\u00bb{}\u00bb][ba_skill_bar_child name=\u00bbVEGAS PRO\u00bb level=\u00bb70%\u00bb _builder_version=\u00bb4.27.6&#8243; name_font=\u00bb|700|||||||\u00bb global_colors_info=\u00bb{}\u00bb][\/ba_skill_bar_child][ba_skill_bar_child name=\u00bbADOBE PREMIER\u00bb level=\u00bb90%\u00bb _builder_version=\u00bb4.27.6&#8243; level_font=\u00bbAcme||||||||\u00bb global_colors_info=\u00bb{}\u00bb][\/ba_skill_bar_child][ba_skill_bar_child name=\u00bbADOBE PHOTOSHOP\u00bb level=\u00bb70%\u00bb _builder_version=\u00bb4.27.6&#8243; global_colors_info=\u00bb{}\u00bb][\/ba_skill_bar_child][ba_skill_bar_child name=\u00bbADOBE AFTER EFFECTS\u00bb level=\u00bb90%\u00bb _builder_version=\u00bb4.27.6&#8243; global_colors_info=\u00bb{}\u00bb][\/ba_skill_bar_child][ba_skill_bar_child name=\u00bbADOBE ILLUSTRATOR\u00bb level=\u00bb75%\u00bb _builder_version=\u00bb4.27.6&#8243; global_colors_info=\u00bb{}\u00bb][\/ba_skill_bar_child][ba_skill_bar_child name=\u00bbADOBE ANIMATE\u00bb level=\u00bb60%\u00bb is_hide_level=\u00bbon\u00bb _builder_version=\u00bb4.27.6&#8243; _module_preset=\u00bbdefault\u00bb global_colors_info=\u00bb{}\u00bb][\/ba_skill_bar_child][\/ba_skill_bar][\/et_pb_column][et_pb_column type=\u00bb1_2&#8243; _builder_version=\u00bb4.27.6&#8243; _module_preset=\u00bbdefault\u00bb global_colors_info=\u00bb{}\u00bb][et_pb_image src=\u00bbhttps:\/\/eduardogodinez.uproyecto.com\/wp-content\/uploads\/2026\/03\/skills.png\u00bb title_text=\u00bbskills\u00bb _builder_version=\u00bb4.27.6&#8243; _module_preset=\u00bbdefault\u00bb global_colors_info=\u00bb{}\u00bb][\/et_pb_image][\/et_pb_column][\/et_pb_row][\/et_pb_section][et_pb_section fb_built=\u00bb1&#8243; _builder_version=\u00bb4.27.6&#8243; _module_preset=\u00bbdefault\u00bb background_color=\u00bb#161616&#8243; min_height=\u00bb341.6px\u00bb custom_padding=\u00bb4px||82px|||\u00bb global_colors_info=\u00bb{}\u00bb][et_pb_row column_structure=\u00bb1_2,1_2&#8243; _builder_version=\u00bb4.27.6&#8243; _module_preset=\u00bbdefault\u00bb background_color=\u00bb#232323&#8243; min_height=\u00bb346px\u00bb custom_margin=\u00bb37px|auto||auto||\u00bb custom_padding=\u00bb1px||50px|||\u00bb global_colors_info=\u00bb{}\u00bb][et_pb_column type=\u00bb1_2&#8243; _builder_version=\u00bb4.27.6&#8243; _module_preset=\u00bbdefault\u00bb global_colors_info=\u00bb{}\u00bb][et_pb_text _builder_version=\u00bb4.27.6&#8243; _module_preset=\u00bbdefault\u00bb text_font=\u00bbAcme||||||||\u00bb text_font_size=\u00bb32px\u00bb text_line_height=\u00bb1.8em\u00bb transform_scale_tablet=\u00bb\u00bb transform_scale_phone=\u00bb\u00bb transform_scale_last_edited=\u00bbon|tablet\u00bb transform_translate=\u00bb0px|-10px\u00bb transform_translate_tablet=\u00bb0px|-17px\u00bb transform_translate_phone=\u00bb0px|-24px\u00bb transform_translate_last_edited=\u00bbon|tablet\u00bb transform_translate_linked=\u00bboff\u00bb transform_translate_linked_tablet=\u00bboff\u00bb transform_rotate_tablet=\u00bb\u00bb transform_rotate_phone=\u00bb\u00bb transform_rotate_last_edited=\u00bbon|tablet\u00bb transform_skew_tablet=\u00bb\u00bb transform_skew_phone=\u00bb\u00bb transform_skew_last_edited=\u00bbon|tablet\u00bb transform_origin_tablet=\u00bb\u00bb transform_origin_phone=\u00bb\u00bb transform_origin_last_edited=\u00bbon|tablet\u00bb transform_styles_last_edited=\u00bbon|tablet\u00bb min_height=\u00bb14.6px\u00bb custom_margin=\u00bb-18px|||||\u00bb custom_padding=\u00bb73px|||||\u00bb text_font_size_tablet=\u00bb32px\u00bb text_font_size_phone=\u00bb34px\u00bb text_font_size_last_edited=\u00bbon|desktop\u00bb text_line_height_tablet=\u00bb1.8em\u00bb text_line_height_phone=\u00bb1em\u00bb text_line_height_last_edited=\u00bbon|phone\u00bb transform_styles_tablet=\u00bb\u00bb transform_styles_phone=\u00bb\u00bb inline_fonts=\u00bbAcme,Aclonica\u00bb global_colors_info=\u00bb{}\u00bb]<\/p>\n<p style=\"text-align: center;\"><span style=\"color: #ffffff; font-family: Acme; font-weight: normal;\">MISI\u00d3N<\/span><\/p>\n<p>[\/et_pb_text][et_pb_text _builder_version=\u00bb4.27.6&#8243; _module_preset=\u00bbdefault\u00bb custom_margin=\u00bb-26px|||||\u00bb global_colors_info=\u00bb{}\u00bb]<\/p>\n<p style=\"text-align: center;\"><span style=\"color: #cecece;\">Desarrollarme cada d\u00eda como creador, competidor y emprendedor, aprovechando mis habilidades en el gaming, el humor y la creatividad para generar contenido que entretenga y conecte. Trabajar con disciplina en mis metas personales \u2014como mi crecimiento f\u00edsico, emocional y profesional\u2014 mientras construyo proyectos como mi marca de caf\u00e9, manteni\u00e9ndome fiel a quien soy y aprendiendo de cada experiencia.<\/span><\/p>\n<p>[\/et_pb_text][\/et_pb_column][et_pb_column type=\u00bb1_2&#8243; _builder_version=\u00bb4.27.6&#8243; _module_preset=\u00bbdefault\u00bb global_colors_info=\u00bb{}\u00bb][et_pb_text _builder_version=\u00bb4.27.6&#8243; _module_preset=\u00bbdefault\u00bb text_font=\u00bbAcme||||||||\u00bb text_font_size=\u00bb32px\u00bb text_line_height=\u00bb1.8em\u00bb transform_scale_tablet=\u00bb\u00bb transform_scale_phone=\u00bb\u00bb transform_scale_last_edited=\u00bbon|tablet\u00bb transform_translate=\u00bb0px|-10px\u00bb transform_translate_tablet=\u00bb0px|-17px\u00bb transform_translate_phone=\u00bb0px|-24px\u00bb transform_translate_last_edited=\u00bbon|tablet\u00bb transform_translate_linked=\u00bboff\u00bb transform_translate_linked_tablet=\u00bboff\u00bb transform_rotate_tablet=\u00bb\u00bb transform_rotate_phone=\u00bb\u00bb transform_rotate_last_edited=\u00bbon|tablet\u00bb transform_skew_tablet=\u00bb\u00bb transform_skew_phone=\u00bb\u00bb transform_skew_last_edited=\u00bbon|tablet\u00bb transform_origin_tablet=\u00bb\u00bb transform_origin_phone=\u00bb\u00bb transform_origin_last_edited=\u00bbon|tablet\u00bb transform_styles_last_edited=\u00bbon|tablet\u00bb min_height=\u00bb14.6px\u00bb custom_margin=\u00bb-18px|||||\u00bb custom_padding=\u00bb73px|||||\u00bb text_font_size_tablet=\u00bb32px\u00bb text_font_size_phone=\u00bb34px\u00bb text_font_size_last_edited=\u00bbon|desktop\u00bb text_line_height_tablet=\u00bb1.8em\u00bb text_line_height_phone=\u00bb1em\u00bb text_line_height_last_edited=\u00bbon|phone\u00bb transform_styles_tablet=\u00bb\u00bb transform_styles_phone=\u00bb\u00bb inline_fonts=\u00bbAcme\u00bb global_colors_info=\u00bb{}\u00bb]<\/p>\n<p style=\"text-align: center;\"><span style=\"color: #ffffff; font-family: Acme; font-weight: normal;\">VISI\u00d3N<\/span><\/p>\n<p>[\/et_pb_text][et_pb_text _builder_version=\u00bb4.27.6&#8243; _module_preset=\u00bbdefault\u00bb custom_margin=\u00bb-24px|||||\u00bb global_colors_info=\u00bb{}\u00bb]<\/p>\n<p style=\"text-align: center;\"><span style=\"color: #cecece;\">Convertirme en una persona influyente y multifac\u00e9tica, destacando en el mundo digital, los eSports y el emprendimiento creativo. Ser reconocido no solo por mi contenido, sino por mi autenticidad, disciplina y evoluci\u00f3n constante, construyendo proyectos propios que conecten con las personas y dejen una marca \u00fanica.<\/span><\/p>\n<p>[\/et_pb_text][\/et_pb_column][\/et_pb_row][\/et_pb_section][et_pb_section fb_built=\u00bb1&#8243; _builder_version=\u00bb4.27.6&#8243; _module_preset=\u00bbdefault\u00bb background_color=\u00bb#161616&#8243; custom_margin=\u00bb||-215px|||\u00bb global_colors_info=\u00bb{}\u00bb][\/et_pb_section]<\/p>\n","protected":false},"excerpt":{"rendered":"<p>\u00bfYo? \u00bfel Miniproh?A pues me dicen el MiniProh, pero me llamo David, hago videos, pero tambi\u00e9n los edito, voy a dejarte un poco sobre mi existencia en este apartado entonces eso, chismeate mi vida entera xd.MI EXPERIENCIA COMO EDITORNunca me ha gustado \u00abpresumir\u00bb mi trabajo, pero mi mam\u00e1 dice que tengo qu\u00e9 hacerlo, comenc\u00e9 a [&hellip;]<\/p>\n","protected":false},"author":1,"featured_media":0,"parent":0,"menu_order":0,"comment_status":"closed","ping_status":"closed","template":"","meta":{"_et_pb_use_builder":"on","_et_pb_old_content":"","_et_gb_content_width":"","footnotes":""},"class_list":["post-102","page","type-page","status-publish","hentry"],"jetpack_sharing_enabled":true,"_links":{"self":[{"href":"https:\/\/eduardogodinez.uproyecto.com\/index.php?rest_route=\/wp\/v2\/pages\/102","targetHints":{"allow":["GET"]}}],"collection":[{"href":"https:\/\/eduardogodinez.uproyecto.com\/index.php?rest_route=\/wp\/v2\/pages"}],"about":[{"href":"https:\/\/eduardogodinez.uproyecto.com\/index.php?rest_route=\/wp\/v2\/types\/page"}],"author":[{"embeddable":true,"href":"https:\/\/eduardogodinez.uproyecto.com\/index.php?rest_route=\/wp\/v2\/users\/1"}],"replies":[{"embeddable":true,"href":"https:\/\/eduardogodinez.uproyecto.com\/index.php?rest_route=%2Fwp%2Fv2%2Fcomments&post=102"}],"version-history":[{"count":195,"href":"https:\/\/eduardogodinez.uproyecto.com\/index.php?rest_route=\/wp\/v2\/pages\/102\/revisions"}],"predecessor-version":[{"id":1405,"href":"https:\/\/eduardogodinez.uproyecto.com\/index.php?rest_route=\/wp\/v2\/pages\/102\/revisions\/1405"}],"wp:attachment":[{"href":"https:\/\/eduardogodinez.uproyecto.com\/index.php?rest_route=%2Fwp%2Fv2%2Fmedia&parent=102"}],"curies":[{"name":"wp","href":"https:\/\/api.w.org\/{rel}","templated":true}]}}